{"id":2154,"date":"2019-08-02T18:44:15","date_gmt":"2019-08-02T16:44:15","guid":{"rendered":"http:\/\/www.feisar.cl\/gnt-es\/?page_id=2154"},"modified":"2020-04-26T14:17:37","modified_gmt":"2020-04-26T18:17:37","slug":"cotizar-categoria","status":"publish","type":"page","link":"https:\/\/www.gnt.cl\/esp\/cotizar-categoria\/","title":{"rendered":"Cotizar Categor\u00eda"},"content":{"rendered":"<p>[et_pb_section fb_built=\u00bb1&#8243; _builder_version=\u00bb3.25.4&#8243; background_color=\u00bb#ffffff\u00bb custom_padding=\u00bb||90px|||\u00bb][et_pb_row admin_label=\u00bbT\u00cdTULOS\u00bb _builder_version=\u00bb3.25.4&#8243; max_width=\u00bb1200px\u00bb locked=\u00bboff\u00bb][et_pb_column type=\u00bb4_4&#8243; _builder_version=\u00bb3.25.4&#8243; transform_scale__hover=\u00bb102%|102%\u00bb transform_scale__hover_enabled=\u00bbon\u00bb][et_pb_text _builder_version=\u00bb3.27.4&#8243; text_font=\u00bbOpen Sans|800||on|||||\u00bb text_text_color=\u00bb#004b87&#8243; text_font_size=\u00bb28px\u00bb text_orientation=\u00bbcenter\u00bb text_font_size_tablet=\u00bb\u00bb text_font_size_phone=\u00bb25px\u00bb text_font_size_last_edited=\u00bbon|phone\u00bb text_text_align=\u00bbcenter\u00bb text_font_size__hover_enabled=\u00bboff|desktop\u00bb]<\/p>\n<p>Cotizar Productos<\/p>\n<p>[\/et_pb_text][et_pb_divider color=\u00bb#d2e4f9&#8243; _builder_version=\u00bb3.25.4&#8243;][\/et_pb_divider][\/et_pb_column][\/et_pb_row][et_pb_row column_structure=\u00bb1_3,1_3,1_3&#8243; use_custom_gutter=\u00bbon\u00bb gutter_width=\u00bb2&#8243; make_equal=\u00bbon\u00bb _builder_version=\u00bb3.27.4&#8243; background_color=\u00bbrgba(0,75,135,0.05)\u00bb max_width=\u00bb1000px\u00bb custom_padding=\u00bb|30px||30px||true\u00bb hover_enabled=\u00bb0&#8243; border_radii=\u00bbon|20px|20px|20px|20px\u00bb box_shadow_style=\u00bbpreset3&#8243; box_shadow_color=\u00bbrgba(0,75,135,0.1)\u00bb][et_pb_column type=\u00bb1_3&#8243; _builder_version=\u00bb3.27.4&#8243; animation_style=\u00bbfade\u00bb animation_direction=\u00bbright\u00bb animation_duration=\u00bb500ms\u00bb border_radii=\u00bbon|17px|17px|17px|17px\u00bb border_width_all=\u00bb2px\u00bb border_color_all=\u00bbrgba(0,0,0,0)\u00bb transform_styles__hover_enabled=\u00bbon|hover\u00bb transform_scale__hover_enabled=\u00bbon|hover\u00bb transform_translate__hover_enabled=\u00bbon|desktop\u00bb transform_rotate__hover_enabled=\u00bbon|desktop\u00bb transform_skew__hover_enabled=\u00bbon|desktop\u00bb transform_origin__hover_enabled=\u00bbon|desktop\u00bb transform_scale__hover=\u00bb103%|103%\u00bb border_width_all__hover_enabled=\u00bbon|hover\u00bb border_color_all__hover_enabled=\u00bbon|hover\u00bb border_color_all__hover=\u00bb#75bdea\u00bb custom_css_main_element__hover=\u00bbbox-shadow: 0px 12px 18px -6px rgba(153,172,193,0.45);\u00bb custom_css_main_element__hover_enabled=\u00bbon|hover\u00bb][et_pb_image src=\u00bbhttps:\/\/www.gnt.cl\/esp\/wp-content\/uploads\/2019\/09\/detalle-bolsas-genericas.jpg\u00bb url=\u00bbhttps:\/\/www.gnt.cl\/esp\/cotizar-bolsa-de-papel\/\u00bb show_bottom_space=\u00bboff\u00bb force_fullwidth=\u00bbon\u00bb _builder_version=\u00bb4.4.4&#8243; hover_enabled=\u00bb0&#8243; border_radii=\u00bb|15px|15px||\u00bb align=\u00bbcenter\u00bb][\/et_pb_image][et_pb_text _builder_version=\u00bb3.27.4&#8243; text_font=\u00bbOpen Sans|800||on|||||\u00bb text_text_color=\u00bb#ffffff\u00bb text_font_size=\u00bb17px\u00bb link_font=\u00bb||||||||\u00bb link_text_color=\u00bb#ffffff\u00bb background_color=\u00bb#004b87&#8243; text_orientation=\u00bbcenter\u00bb custom_padding=\u00bb10px||10px||true|false\u00bb custom_padding_tablet=\u00bb20px||20px||true|false\u00bb custom_padding_phone=\u00bb10px||10px||true|false\u00bb custom_padding_last_edited=\u00bbon|tablet\u00bb link_option_url=\u00bbhttps:\/\/www.gnt.cl\/esp\/cotizar-bolsa-de-papel\/\u00bb link_font_size_tablet=\u00bb20px\u00bb link_font_size_phone=\u00bb14px\u00bb link_font_size_last_edited=\u00bbon|tablet\u00bb border_radii=\u00bboff|||15px|15px\u00bb box_shadow_style=\u00bbpreset3&#8243; box_shadow_color=\u00bbrgba(0,0,0,0.2)\u00bb text_text_align=\u00bbcenter\u00bb background__hover_enabled=\u00bbon\u00bb background_color__hover=\u00bb#0c71c3&#8243; background_enable_color__hover=\u00bbon\u00bb border_color_bottom__hover_enabled=\u00bbon\u00bb border_width_bottom__hover_enabled=\u00bbon\u00bb border_color_bottom__hover=\u00bb#0c71c3&#8243;]<\/p>\n<p><a href=\"https:\/\/www.gnt.cl\/esp\/cotizar-bolsa-de-papel\/\">Bolsa de papel<\/a><\/p>\n<p>[\/et_pb_text][\/et_pb_column][et_pb_column type=\u00bb1_3&#8243; _builder_version=\u00bb3.27.4&#8243; animation_style=\u00bbfade\u00bb animation_duration=\u00bb500ms\u00bb animation_delay=\u00bb100ms\u00bb border_radii=\u00bbon|17px|17px|17px|17px\u00bb border_width_all=\u00bb2px\u00bb border_color_all=\u00bbrgba(0,0,0,0)\u00bb transform_styles__hover_enabled=\u00bbon\u00bb transform_scale__hover_enabled=\u00bbon\u00bb transform_translate__hover_enabled=\u00bbon\u00bb transform_rotate__hover_enabled=\u00bbon\u00bb transform_skew__hover_enabled=\u00bbon\u00bb transform_origin__hover_enabled=\u00bbon\u00bb transform_scale__hover=\u00bb103%|103%\u00bb background_enable_color__hover=\u00bbon\u00bb border_radii__hover_enabled=\u00bboff|desktop\u00bb border_width_all__hover_enabled=\u00bbon|hover\u00bb border_color_all__hover_enabled=\u00bbon|hover\u00bb border_color_all__hover=\u00bb#75bdea\u00bb custom_css_main_element__hover=\u00bbbox-shadow: 0px 12px 18px -6px rgba(153,172,193,0.45);\u00bb custom_css_main_element__hover_enabled=\u00bbon|hover\u00bb][et_pb_image src=\u00bbhttps:\/\/www.gnt.cl\/esp\/wp-content\/uploads\/2020\/01\/cal-otros-prod-papel-a.jpg\u00bb url=\u00bbhttps:\/\/www.gnt.cl\/esp\/cotizar-otros-productos-de-papel\/\u00bb show_bottom_space=\u00bboff\u00bb force_fullwidth=\u00bbon\u00bb _builder_version=\u00bb4.4.4&#8243; hover_enabled=\u00bb0&#8243; border_radii=\u00bb|15px|15px||\u00bb align=\u00bbcenter\u00bb][\/et_pb_image][et_pb_text _builder_version=\u00bb3.27.4&#8243; text_font=\u00bbOpen Sans|800||on|||||\u00bb text_text_color=\u00bb#ffffff\u00bb text_font_size=\u00bb17px\u00bb link_font=\u00bb||||||||\u00bb link_text_color=\u00bb#ffffff\u00bb background_color=\u00bb#004b87&#8243; text_orientation=\u00bbcenter\u00bb custom_padding=\u00bb10px||10px||true|false\u00bb custom_padding_tablet=\u00bb20px||20px||true|false\u00bb custom_padding_phone=\u00bb10px||10px||true|false\u00bb custom_padding_last_edited=\u00bbon|tablet\u00bb link_option_url=\u00bbhttps:\/\/www.gnt.cl\/esp\/cotizar-otros-productos-de-papel\/\u00bb link_font_size_tablet=\u00bb20px\u00bb link_font_size_phone=\u00bb14px\u00bb link_font_size_last_edited=\u00bbon|tablet\u00bb border_radii=\u00bb|||15px|15px\u00bb box_shadow_style=\u00bbpreset3&#8243; box_shadow_color=\u00bbrgba(0,0,0,0.2)\u00bb text_text_align=\u00bbcenter\u00bb background__hover_enabled=\u00bbon\u00bb background_color__hover=\u00bb#0c71c3&#8243; background_enable_color__hover=\u00bbon\u00bb border_color_bottom__hover=\u00bb#0c71c3&#8243; border_color_bottom__hover_enabled=\u00bbon\u00bb border_width_bottom__hover_enabled=\u00bbon\u00bb]<\/p>\n<p><a href=\"https:\/\/www.gnt.cl\/esp\/cotizar-otros-productos-de-papel\/\">Otros productos de papel<\/a><\/p>\n<p>[\/et_pb_text][\/et_pb_column][et_pb_column type=\u00bb1_3&#8243; _builder_version=\u00bb3.27.4&#8243; animation_style=\u00bbfade\u00bb animation_duration=\u00bb500ms\u00bb animation_delay=\u00bb200ms\u00bb border_radii=\u00bbon|17px|17px|17px|17px\u00bb border_width_all=\u00bb2px\u00bb border_color_all=\u00bbrgba(0,0,0,0)\u00bb transform_styles__hover_enabled=\u00bbon\u00bb transform_scale__hover=\u00bb103%|103%\u00bb transform_scale__hover_enabled=\u00bbon\u00bb border_width_all__hover_enabled=\u00bbon|hover\u00bb border_color_all__hover_enabled=\u00bbon|desktop\u00bb border_color_all__hover=\u00bb#75bdea\u00bb custom_css_main_element__hover=\u00bbbox-shadow: 0px 12px 18px -6px rgba(153,172,193,0.45);\u00bb custom_css_main_element__hover_enabled=\u00bbon|hover\u00bb][et_pb_image src=\u00bbhttps:\/\/www.gnt.cl\/esp\/wp-content\/uploads\/2019\/08\/det-bolsa-uvera-2.jpg\u00bb url=\u00bbhttps:\/\/www.gnt.cl\/esp\/cotizar-packaging-fruta-fresca\/\u00bb show_bottom_space=\u00bboff\u00bb force_fullwidth=\u00bbon\u00bb _builder_version=\u00bb4.4.4&#8243; hover_enabled=\u00bb0&#8243; border_radii=\u00bb|15px|15px||\u00bb align=\u00bbcenter\u00bb][\/et_pb_image][et_pb_text _builder_version=\u00bb3.27.4&#8243; text_font=\u00bbOpen Sans|800||on|||||\u00bb text_text_color=\u00bb#ffffff\u00bb text_font_size=\u00bb17px\u00bb link_font=\u00bb||||||||\u00bb link_text_color=\u00bb#ffffff\u00bb background_color=\u00bb#004b87&#8243; text_orientation=\u00bbcenter\u00bb custom_padding=\u00bb10px||10px||true|false\u00bb custom_padding_tablet=\u00bb20px||20px||true|false\u00bb custom_padding_phone=\u00bb10px||10px||true|false\u00bb custom_padding_last_edited=\u00bbon|tablet\u00bb link_option_url=\u00bbhttps:\/\/www.gnt.cl\/esp\/cotizar-packaging-fruta-fresca\u00bb link_font_size_tablet=\u00bb20px\u00bb link_font_size_phone=\u00bb14px\u00bb link_font_size_last_edited=\u00bbon|tablet\u00bb border_radii=\u00bb|||15px|15px\u00bb box_shadow_style=\u00bbpreset3&#8243; box_shadow_color=\u00bbrgba(0,0,0,0.2)\u00bb text_text_align=\u00bbcenter\u00bb background__hover_enabled=\u00bbon\u00bb background_color__hover=\u00bb#0c71c3&#8243; background_enable_color__hover=\u00bbon\u00bb border_color_bottom__hover=\u00bb#0c71c3&#8243; border_color_bottom__hover_enabled=\u00bbon\u00bb border_width_bottom__hover_enabled=\u00bbon\u00bb]<\/p>\n<p><a href=\"https:\/\/www.gnt.cl\/esp\/cotizar-packaging-fruta-fresca\">Packaging fruta fresca<\/a><\/p>\n<p>[\/et_pb_text][\/et_pb_column][\/et_pb_row][\/et_pb_section][et_pb_section fb_built=\u00bb1&#8243; _builder_version=\u00bb3.25.4&#8243; background_color=\u00bb#004b87&#8243; z_index=\u00bb10&#8243; custom_margin=\u00bb0px||\u00bb custom_padding=\u00bb0px||0px\u00bb box_shadow_style=\u00bbpreset1&#8243; box_shadow_vertical=\u00bb10px\u00bb box_shadow_color=\u00bbrgba(2,39,109,0.1)\u00bb global_module=\u00bb1346&#8243; saved_tabs=\u00bball\u00bb locked=\u00bboff\u00bb][et_pb_row use_custom_gutter=\u00bbon\u00bb gutter_width=\u00bb1&#8243; make_equal=\u00bbon\u00bb _builder_version=\u00bb3.25.4&#8243; background_color=\u00bb#ffffff\u00bb width=\u00bb100%\u00bb max_width=\u00bb100%\u00bb custom_margin=\u00bb0px||20px||false\u00bb custom_padding=\u00bb12px||12px||true\u00bb box_shadow_style=\u00bbpreset1&#8243; box_shadow_vertical=\u00bb0px\u00bb box_shadow_color=\u00bbrgba(2,39,109,0.1)\u00bb locked=\u00bboff\u00bb][et_pb_column type=\u00bb4_4&#8243; _builder_version=\u00bb3.25.2&#8243; background_color=\u00bb#ffffff\u00bb][et_pb_image src=\u00bbhttps:\/\/www.gnt.cl\/esp\/wp-content\/uploads\/2019\/08\/banner-certificacion-ifs-broker.png\u00bb align=\u00bbcenter\u00bb align_tablet=\u00bb\u00bb align_phone=\u00bb\u00bb align_last_edited=\u00bbon|phone\u00bb _builder_version=\u00bb4.0.4&#8243; width=\u00bb600px\u00bb width_tablet=\u00bb400px\u00bb width_phone=\u00bb100%\u00bb width_last_edited=\u00bbon|desktop\u00bb module_alignment=\u00bbcenter\u00bb animation_style=\u00bbslide\u00bb animation_direction=\u00bbright\u00bb][\/et_pb_image][\/et_pb_column][\/et_pb_row][\/et_pb_section]<\/p>\n","protected":false},"excerpt":{"rendered":"<p>Cotizar ProductosBolsa de papelOtros productos de papelPackaging fruta fresca<\/p>\n","protected":false},"author":1,"featured_media":0,"parent":0,"menu_order":0,"comment_status":"closed","ping_status":"closed","template":"","meta":{"_et_pb_use_builder":"on","_et_pb_old_content":"","_et_gb_content_width":"","footnotes":""},"class_list":["post-2154","page","type-page","status-publish","hentry"],"yoast_head":"<!-- This site is optimized with the Yoast SEO plugin v26.8 - https:\/\/yoast.com\/product\/yoast-seo-wordpress\/ -->\n<title>Cotizar Categor\u00eda - GNT Chile - Perfeccionando su Packaging<\/title>\n<meta name=\"description\" content=\"Contamos con 30 a\u00f1os de experiencia en el rubro de embalaje de fruta fresca y su preservaci\u00f3n, este conocimiento lo ponemos a disposici\u00f3n de nuestros clientes d\u00e1ndoles apoyo en una buena comercializaci\u00f3n de la fruta a los mercados finales de exportaci\u00f3n en el mundo.\" \/>\n<meta name=\"robots\" content=\"index, follow, max-snippet:-1, max-image-preview:large, max-video-preview:-1\" \/>\n<link rel=\"canonical\" href=\"https:\/\/www.gnt.cl\/esp\/cotizar-categoria\/\" \/>\n<meta property=\"og:locale\" content=\"es_ES\" \/>\n<meta property=\"og:type\" content=\"article\" \/>\n<meta property=\"og:title\" content=\"Cotizar Categor\u00eda - GNT Chile - Perfeccionando su Packaging\" \/>\n<meta property=\"og:description\" content=\"Contamos con 30 a\u00f1os de experiencia en el rubro de embalaje de fruta fresca y su preservaci\u00f3n, este conocimiento lo ponemos a disposici\u00f3n de nuestros clientes d\u00e1ndoles apoyo en una buena comercializaci\u00f3n de la fruta a los mercados finales de exportaci\u00f3n en el mundo.\" \/>\n<meta property=\"og:url\" content=\"https:\/\/www.gnt.cl\/esp\/cotizar-categoria\/\" \/>\n<meta property=\"og:site_name\" content=\"GNT ES\" \/>\n<meta property=\"article:modified_time\" content=\"2020-04-26T18:17:37+00:00\" \/>\n<meta name=\"twitter:card\" content=\"summary_large_image\" \/>\n<meta name=\"twitter:label1\" content=\"Tiempo de lectura\" \/>\n\t<meta name=\"twitter:data1\" content=\"6 minutos\" \/>\n<script type=\"application\/ld+json\" class=\"yoast-schema-graph\">{\"@context\":\"https:\/\/schema.org\",\"@graph\":[{\"@type\":\"WebPage\",\"@id\":\"https:\/\/www.gnt.cl\/esp\/cotizar-categoria\/\",\"url\":\"https:\/\/www.gnt.cl\/esp\/cotizar-categoria\/\",\"name\":\"Cotizar Categor\u00eda - GNT Chile - Perfeccionando su Packaging\",\"isPartOf\":{\"@id\":\"https:\/\/www.gnt.cl\/esp\/#website\"},\"datePublished\":\"2019-08-02T16:44:15+00:00\",\"dateModified\":\"2020-04-26T18:17:37+00:00\",\"description\":\"Contamos con 30 a\u00f1os de experiencia en el rubro de embalaje de fruta fresca y su preservaci\u00f3n, este conocimiento lo ponemos a disposici\u00f3n de nuestros clientes d\u00e1ndoles apoyo en una buena comercializaci\u00f3n de la fruta a los mercados finales de exportaci\u00f3n en el mundo.\",\"breadcrumb\":{\"@id\":\"https:\/\/www.gnt.cl\/esp\/cotizar-categoria\/#breadcrumb\"},\"inLanguage\":\"es\",\"potentialAction\":[{\"@type\":\"ReadAction\",\"target\":[\"https:\/\/www.gnt.cl\/esp\/cotizar-categoria\/\"]}]},{\"@type\":\"BreadcrumbList\",\"@id\":\"https:\/\/www.gnt.cl\/esp\/cotizar-categoria\/#breadcrumb\",\"itemListElement\":[{\"@type\":\"ListItem\",\"position\":1,\"name\":\"Portada\",\"item\":\"https:\/\/www.gnt.cl\/esp\/\"},{\"@type\":\"ListItem\",\"position\":2,\"name\":\"Cotizar Categor\u00eda\"}]},{\"@type\":\"WebSite\",\"@id\":\"https:\/\/www.gnt.cl\/esp\/#website\",\"url\":\"https:\/\/www.gnt.cl\/esp\/\",\"name\":\"GNT ES\",\"description\":\"GNT Chile - Perfeccionando su Packaging\",\"publisher\":{\"@id\":\"https:\/\/www.gnt.cl\/esp\/#organization\"},\"potentialAction\":[{\"@type\":\"SearchAction\",\"target\":{\"@type\":\"EntryPoint\",\"urlTemplate\":\"https:\/\/www.gnt.cl\/esp\/?s={search_term_string}\"},\"query-input\":{\"@type\":\"PropertyValueSpecification\",\"valueRequired\":true,\"valueName\":\"search_term_string\"}}],\"inLanguage\":\"es\"},{\"@type\":\"Organization\",\"@id\":\"https:\/\/www.gnt.cl\/esp\/#organization\",\"name\":\"GNT\",\"url\":\"https:\/\/www.gnt.cl\/esp\/\",\"logo\":{\"@type\":\"ImageObject\",\"inLanguage\":\"es\",\"@id\":\"https:\/\/www.gnt.cl\/esp\/#\/schema\/logo\/image\/\",\"url\":\"https:\/\/www.gnt.cl\/esp\/wp-content\/uploads\/2019\/10\/logo-gnt.png\",\"contentUrl\":\"https:\/\/www.gnt.cl\/esp\/wp-content\/uploads\/2019\/10\/logo-gnt.png\",\"width\":251,\"height\":113,\"caption\":\"GNT\"},\"image\":{\"@id\":\"https:\/\/www.gnt.cl\/esp\/#\/schema\/logo\/image\/\"}}]}<\/script>\n<!-- \/ Yoast SEO plugin. -->","yoast_head_json":{"title":"Cotizar Categor\u00eda - GNT Chile - Perfeccionando su Packaging","description":"Contamos con 30 a\u00f1os de experiencia en el rubro de embalaje de fruta fresca y su preservaci\u00f3n, este conocimiento lo ponemos a disposici\u00f3n de nuestros clientes d\u00e1ndoles apoyo en una buena comercializaci\u00f3n de la fruta a los mercados finales de exportaci\u00f3n en el mundo.","robots":{"index":"index","follow":"follow","max-snippet":"max-snippet:-1","max-image-preview":"max-image-preview:large","max-video-preview":"max-video-preview:-1"},"canonical":"https:\/\/www.gnt.cl\/esp\/cotizar-categoria\/","og_locale":"es_ES","og_type":"article","og_title":"Cotizar Categor\u00eda - GNT Chile - Perfeccionando su Packaging","og_description":"Contamos con 30 a\u00f1os de experiencia en el rubro de embalaje de fruta fresca y su preservaci\u00f3n, este conocimiento lo ponemos a disposici\u00f3n de nuestros clientes d\u00e1ndoles apoyo en una buena comercializaci\u00f3n de la fruta a los mercados finales de exportaci\u00f3n en el mundo.","og_url":"https:\/\/www.gnt.cl\/esp\/cotizar-categoria\/","og_site_name":"GNT ES","article_modified_time":"2020-04-26T18:17:37+00:00","twitter_card":"summary_large_image","twitter_misc":{"Tiempo de lectura":"6 minutos"},"schema":{"@context":"https:\/\/schema.org","@graph":[{"@type":"WebPage","@id":"https:\/\/www.gnt.cl\/esp\/cotizar-categoria\/","url":"https:\/\/www.gnt.cl\/esp\/cotizar-categoria\/","name":"Cotizar Categor\u00eda - GNT Chile - Perfeccionando su Packaging","isPartOf":{"@id":"https:\/\/www.gnt.cl\/esp\/#website"},"datePublished":"2019-08-02T16:44:15+00:00","dateModified":"2020-04-26T18:17:37+00:00","description":"Contamos con 30 a\u00f1os de experiencia en el rubro de embalaje de fruta fresca y su preservaci\u00f3n, este conocimiento lo ponemos a disposici\u00f3n de nuestros clientes d\u00e1ndoles apoyo en una buena comercializaci\u00f3n de la fruta a los mercados finales de exportaci\u00f3n en el mundo.","breadcrumb":{"@id":"https:\/\/www.gnt.cl\/esp\/cotizar-categoria\/#breadcrumb"},"inLanguage":"es","potentialAction":[{"@type":"ReadAction","target":["https:\/\/www.gnt.cl\/esp\/cotizar-categoria\/"]}]},{"@type":"BreadcrumbList","@id":"https:\/\/www.gnt.cl\/esp\/cotizar-categoria\/#breadcrumb","itemListElement":[{"@type":"ListItem","position":1,"name":"Portada","item":"https:\/\/www.gnt.cl\/esp\/"},{"@type":"ListItem","position":2,"name":"Cotizar Categor\u00eda"}]},{"@type":"WebSite","@id":"https:\/\/www.gnt.cl\/esp\/#website","url":"https:\/\/www.gnt.cl\/esp\/","name":"GNT ES","description":"GNT Chile - Perfeccionando su Packaging","publisher":{"@id":"https:\/\/www.gnt.cl\/esp\/#organization"},"potentialAction":[{"@type":"SearchAction","target":{"@type":"EntryPoint","urlTemplate":"https:\/\/www.gnt.cl\/esp\/?s={search_term_string}"},"query-input":{"@type":"PropertyValueSpecification","valueRequired":true,"valueName":"search_term_string"}}],"inLanguage":"es"},{"@type":"Organization","@id":"https:\/\/www.gnt.cl\/esp\/#organization","name":"GNT","url":"https:\/\/www.gnt.cl\/esp\/","logo":{"@type":"ImageObject","inLanguage":"es","@id":"https:\/\/www.gnt.cl\/esp\/#\/schema\/logo\/image\/","url":"https:\/\/www.gnt.cl\/esp\/wp-content\/uploads\/2019\/10\/logo-gnt.png","contentUrl":"https:\/\/www.gnt.cl\/esp\/wp-content\/uploads\/2019\/10\/logo-gnt.png","width":251,"height":113,"caption":"GNT"},"image":{"@id":"https:\/\/www.gnt.cl\/esp\/#\/schema\/logo\/image\/"}}]}},"_links":{"self":[{"href":"https:\/\/www.gnt.cl\/esp\/wp-json\/wp\/v2\/pages\/2154","targetHints":{"allow":["GET"]}}],"collection":[{"href":"https:\/\/www.gnt.cl\/esp\/wp-json\/wp\/v2\/pages"}],"about":[{"href":"https:\/\/www.gnt.cl\/esp\/wp-json\/wp\/v2\/types\/page"}],"author":[{"embeddable":true,"href":"https:\/\/www.gnt.cl\/esp\/wp-json\/wp\/v2\/users\/1"}],"replies":[{"embeddable":true,"href":"https:\/\/www.gnt.cl\/esp\/wp-json\/wp\/v2\/comments?post=2154"}],"version-history":[{"count":58,"href":"https:\/\/www.gnt.cl\/esp\/wp-json\/wp\/v2\/pages\/2154\/revisions"}],"predecessor-version":[{"id":15145,"href":"https:\/\/www.gnt.cl\/esp\/wp-json\/wp\/v2\/pages\/2154\/revisions\/15145"}],"wp:attachment":[{"href":"https:\/\/www.gnt.cl\/esp\/wp-json\/wp\/v2\/media?parent=2154"}],"curies":[{"name":"wp","href":"https:\/\/api.w.org\/{rel}","templated":true}]}}