{"id":1399,"date":"2019-07-29T06:30:55","date_gmt":"2019-07-29T04:30:55","guid":{"rendered":"http:\/\/www.feisar.cl\/gnt-es\/quote-request\/"},"modified":"2020-10-05T10:47:31","modified_gmt":"2020-10-05T13:47:31","slug":"quote-request","status":"publish","type":"page","link":"https:\/\/www.gnt.cl\/esp\/quote-request\/","title":{"rendered":"Quote Request"},"content":{"rendered":"<p>[et_pb_section fb_built=\u00bb1&#8243; _builder_version=\u00bb3.25.4&#8243; background_color=\u00bb#ffffff\u00bb custom_padding=\u00bb50px|||||\u00bb][et_pb_row _builder_version=\u00bb3.25.4&#8243;][et_pb_column type=\u00bb4_4&#8243; _builder_version=\u00bb3.25.4&#8243;][et_pb_text _builder_version=\u00bb3.27.4&#8243; text_font=\u00bbOpen Sans|600||on|||||\u00bb text_text_color=\u00bb#004b87&#8243; text_font_size=\u00bb25px\u00bb text_orientation=\u00bbcenter\u00bb text_text_align=\u00bbcenter\u00bb]<\/p>\n<p>Solicitud de Cotizaci\u00f3n<\/p>\n<p>[\/et_pb_text][\/et_pb_column][\/et_pb_row][et_pb_row _builder_version=\u00bb3.25.4&#8243; max_width=\u00bb700px\u00bb custom_padding=\u00bb10px||10px||true|\u00bb][et_pb_column type=\u00bb4_4&#8243; _builder_version=\u00bb3.25.4&#8243;][et_pb_blurb use_icon=\u00bbon\u00bb font_icon=\u00bb%%75%%\u00bb icon_color=\u00bb#75bdea\u00bb icon_placement=\u00bbleft\u00bb use_icon_font_size=\u00bbon\u00bb icon_font_size=\u00bb32px\u00bb disabled_on=\u00bboff|off|off\u00bb module_id=\u00bbhola\u00bb module_class=\u00bbhola2&#8243; _builder_version=\u00bb3.25.4&#8243; header_font=\u00bb|600|||||||\u00bb header_text_color=\u00bb#004b87&#8243; header_font_size=\u00bb16px\u00bb body_font=\u00bb|700||on|||||\u00bb body_text_color=\u00bb#004b87&#8243; body_font_size=\u00bb110%\u00bb body_line_height=\u00bb2.8em\u00bb background_color=\u00bbrgba(255,255,255,0.6)\u00bb custom_padding=\u00bb10px|10px|10px|10px|true|true\u00bb body_font_size_tablet=\u00bb\u00bb body_font_size_phone=\u00bb\u00bb body_font_size_last_edited=\u00bbon|phone\u00bb body_line_height_tablet=\u00bb\u00bb body_line_height_phone=\u00bb1.5em\u00bb body_line_height_last_edited=\u00bbon|phone\u00bb z_index_tablet=\u00bb500&#8243; custom_css_blurb_content=\u00bb{||height:0px !important;||}\u00bb header_text_shadow_horizontal_length_tablet=\u00bb0px\u00bb header_text_shadow_vertical_length_tablet=\u00bb0px\u00bb header_text_shadow_blur_strength_tablet=\u00bb1px\u00bb body_text_shadow_horizontal_length_tablet=\u00bb0px\u00bb body_text_shadow_vertical_length_tablet=\u00bb0px\u00bb body_text_shadow_blur_strength_tablet=\u00bb1px\u00bb body_link_text_shadow_horizontal_length_tablet=\u00bb0px\u00bb body_link_text_shadow_vertical_length_tablet=\u00bb0px\u00bb body_link_text_shadow_blur_strength_tablet=\u00bb1px\u00bb body_ul_text_shadow_horizontal_length_tablet=\u00bb0px\u00bb body_ul_text_shadow_vertical_length_tablet=\u00bb0px\u00bb body_ul_text_shadow_blur_strength_tablet=\u00bb1px\u00bb body_ol_text_shadow_horizontal_length_tablet=\u00bb0px\u00bb body_ol_text_shadow_vertical_length_tablet=\u00bb0px\u00bb body_ol_text_shadow_blur_strength_tablet=\u00bb1px\u00bb body_quote_text_shadow_horizontal_length_tablet=\u00bb0px\u00bb body_quote_text_shadow_vertical_length_tablet=\u00bb0px\u00bb body_quote_text_shadow_blur_strength_tablet=\u00bb1px\u00bb border_radii=\u00bbon|5px|5px|5px|5px\u00bb border_width_top=\u00bb1px\u00bb border_color_top=\u00bb#75bdea\u00bb border_width_bottom=\u00bb1px\u00bb border_color_bottom=\u00bb#75bdea\u00bb border_width_top_tablet=\u00bb1px\u00bb border_width_top_phone=\u00bb1px\u00bb border_color_top_tablet=\u00bb\u00bb border_color_top_phone=\u00bb\u00bb border_color_top_last_edited=\u00bbon|phone\u00bb border_width_bottom_tablet=\u00bb1px\u00bb border_width_bottom_phone=\u00bb1px\u00bb box_shadow_style=\u00bbpreset3&#8243; box_shadow_color=\u00bbrgba(0,75,135,0.1)\u00bb box_shadow_horizontal_image_tablet=\u00bb0px\u00bb box_shadow_vertical_image_tablet=\u00bb0px\u00bb box_shadow_blur_image_tablet=\u00bb40px\u00bb box_shadow_spread_image_tablet=\u00bb0px\u00bb text_shadow_horizontal_length_tablet=\u00bb0px\u00bb text_shadow_vertical_length_tablet=\u00bb0px\u00bb text_shadow_blur_strength_tablet=\u00bb1px\u00bb saved_tabs=\u00bball\u00bb locked=\u00bboff\u00bb background__hover_enabled=\u00bbon\u00bb background_color__hover=\u00bb#ffffff\u00bb background_enable_color__hover=\u00bbon\u00bb border_width_all__hover_enabled=\u00bbon\u00bb border_width_top__hover_enabled=\u00bbon\u00bb border_color_top__hover_enabled=\u00bbon\u00bb border_width_bottom__hover_enabled=\u00bbon\u00bb border_width_bottom__hover=\u00bb1px\u00bb border_color_bottom__hover_enabled=\u00bbon\u00bb][\/et_pb_blurb][\/et_pb_column][\/et_pb_row][et_pb_row use_custom_gutter=\u00bbon\u00bb gutter_width=\u00bb2&#8243; make_equal=\u00bbon\u00bb _builder_version=\u00bb4.6.5&#8243; background_color=\u00bb#ffffff\u00bb background_size=\u00bbinitial\u00bb background_position=\u00bbtop_left\u00bb background_repeat=\u00bbrepeat\u00bb max_width=\u00bb700px\u00bb custom_margin=\u00bb2vw||5vw||false\u00bb custom_padding=\u00bb20px|20px|20px|20px|true|true\u00bb hover_enabled=\u00bb0&#8243; border_radii=\u00bbon|20px|20px|20px|20px\u00bb border_width_all=\u00bb2px\u00bb border_color_all=\u00bbrgba(168,208,224,0.3)\u00bb box_shadow_style=\u00bbpreset3&#8243; box_shadow_color=\u00bbrgba(81,147,186,0.15)\u00bb width_last_edited=\u00bbon|phone\u00bb sticky_enabled=\u00bb0&#8243; width_phone=\u00bb95%\u00bb][et_pb_column type=\u00bb4_4&#8243; _builder_version=\u00bb3.25.4&#8243; custom_padding=\u00bb|||\u00bb custom_padding__hover=\u00bb|||\u00bb][et_pb_text _builder_version=\u00bb3.27.4&#8243; link_font=\u00bb||||||||\u00bb header_3_font=\u00bb||||||||\u00bb header_3_text_align=\u00bbcenter\u00bb background_size=\u00bbinitial\u00bb background_position=\u00bbtop_left\u00bb background_repeat=\u00bbrepeat\u00bb hover_enabled=\u00bb0&#8243; sticky_enabled=\u00bb0&#8243;]<\/p>\n<p>\n<div style=\"clear:both; \">\r\n<p class=\"cart-empty\">\r\n\t<h3>\r\n\r\n        Su lista est\u00e1 vac\u00eda\r\n    <\/h3>\r\n<\/p>\r\n\r\n\r\n\t<p class=\"rfq-return-to-shop\">\r\n\t\t<a class=\"button wc-backward\" href=\"http:\/\/www.gnt.cl\/esp\/cotizar-categoria\/\">\r\n\t\t\tVolver\t\t<\/a>\r\n\t<\/p>\r\n\r\n\r\n<\/div>\r\n    <div style=\"clear: both\"><\/div>\r\n\r\n<br \/>\n[\/et_pb_text][\/et_pb_column][\/et_pb_row][\/et_pb_section][et_pb_section fb_built=\u00bb1&#8243; _builder_version=\u00bb3.25.4&#8243; background_color=\u00bb#004b87&#8243; z_index=\u00bb10&#8243; custom_margin=\u00bb0px||\u00bb custom_padding=\u00bb0px||0px\u00bb box_shadow_style=\u00bbpreset1&#8243; box_shadow_vertical=\u00bb10px\u00bb box_shadow_color=\u00bbrgba(2,39,109,0.1)\u00bb global_module=\u00bb1346&#8243; saved_tabs=\u00bball\u00bb locked=\u00bboff\u00bb][et_pb_row use_custom_gutter=\u00bbon\u00bb gutter_width=\u00bb1&#8243; make_equal=\u00bbon\u00bb _builder_version=\u00bb3.25.4&#8243; background_color=\u00bb#ffffff\u00bb width=\u00bb100%\u00bb max_width=\u00bb100%\u00bb custom_margin=\u00bb0px||20px||false\u00bb custom_padding=\u00bb12px||12px||true\u00bb box_shadow_style=\u00bbpreset1&#8243; box_shadow_vertical=\u00bb0px\u00bb box_shadow_color=\u00bbrgba(2,39,109,0.1)\u00bb locked=\u00bboff\u00bb][et_pb_column type=\u00bb4_4&#8243; _builder_version=\u00bb3.25.2&#8243; background_color=\u00bb#ffffff\u00bb][et_pb_image src=\u00bbhttps:\/\/www.gnt.cl\/esp\/wp-content\/uploads\/2019\/08\/banner-certificacion-ifs-broker.png\u00bb align=\u00bbcenter\u00bb align_tablet=\u00bb\u00bb align_phone=\u00bb\u00bb align_last_edited=\u00bbon|phone\u00bb _builder_version=\u00bb4.0.4&#8243; width=\u00bb600px\u00bb width_tablet=\u00bb400px\u00bb width_phone=\u00bb100%\u00bb width_last_edited=\u00bbon|desktop\u00bb module_alignment=\u00bbcenter\u00bb animation_style=\u00bbslide\u00bb animation_direction=\u00bbright\u00bb][\/et_pb_image][\/et_pb_column][\/et_pb_row][\/et_pb_section]<\/p>\n","protected":false},"excerpt":{"rendered":"<p>Solicitud de Cotizaci\u00f3n <div style=\"clear:both; \">\r\n<p class=\"cart-empty\">\r\n\t<h3>\r\n\r\n        Su lista est\u00e1 vac\u00eda\r\n    <\/h3>\r\n<\/p>\r\n\r\n\r\n\t<p class=\"rfq-return-to-shop\">\r\n\t\t<a class=\"button wc-backward\" href=\"http:\/\/www.gnt.cl\/esp\/cotizar-categoria\/\">\r\n\t\t\tVolver\t\t<\/a>\r\n\t<\/p>\r\n\r\n\r\n<\/div>\r\n    <div style=\"clear: both\"><\/div>\r\n\r\n<\/p>\n","protected":false},"author":1,"featured_media":0,"parent":0,"menu_order":0,"comment_status":"closed","ping_status":"closed","template":"","meta":{"_et_pb_use_builder":"on","_et_pb_old_content":"<p>[gpls_woo_rfq_get_cart_sc]<\/p>","_et_gb_content_width":"","footnotes":""},"class_list":["post-1399","page","type-page","status-publish","hentry"],"yoast_head":"<!-- This site is optimized with the Yoast SEO plugin v26.8 - https:\/\/yoast.com\/product\/yoast-seo-wordpress\/ -->\n<title>Quote Request - GNT Chile - Perfeccionando su Packaging<\/title>\n<meta name=\"description\" content=\"Contamos con 30 a\u00f1os de experiencia en el rubro de embalaje de fruta fresca y su preservaci\u00f3n, este conocimiento lo ponemos a disposici\u00f3n de nuestros clientes d\u00e1ndoles apoyo en una buena comercializaci\u00f3n de la fruta a los mercados finales de exportaci\u00f3n en el mundo.\" \/>\n<meta name=\"robots\" content=\"index, follow, max-snippet:-1, max-image-preview:large, max-video-preview:-1\" \/>\n<link rel=\"canonical\" href=\"https:\/\/www.gnt.cl\/esp\/quote-request\/\" \/>\n<meta property=\"og:locale\" content=\"es_ES\" \/>\n<meta property=\"og:type\" content=\"article\" \/>\n<meta property=\"og:title\" content=\"Quote Request - GNT Chile - Perfeccionando su Packaging\" \/>\n<meta property=\"og:description\" content=\"Contamos con 30 a\u00f1os de experiencia en el rubro de embalaje de fruta fresca y su preservaci\u00f3n, este conocimiento lo ponemos a disposici\u00f3n de nuestros clientes d\u00e1ndoles apoyo en una buena comercializaci\u00f3n de la fruta a los mercados finales de exportaci\u00f3n en el mundo.\" \/>\n<meta property=\"og:url\" content=\"https:\/\/www.gnt.cl\/esp\/quote-request\/\" \/>\n<meta property=\"og:site_name\" content=\"GNT ES\" \/>\n<meta property=\"article:modified_time\" content=\"2020-10-05T13:47:31+00:00\" \/>\n<meta name=\"twitter:card\" content=\"summary_large_image\" \/>\n<meta name=\"twitter:label1\" content=\"Tiempo de lectura\" \/>\n\t<meta name=\"twitter:data1\" content=\"4 minutos\" \/>\n<script type=\"application\/ld+json\" class=\"yoast-schema-graph\">{\"@context\":\"https:\/\/schema.org\",\"@graph\":[{\"@type\":\"WebPage\",\"@id\":\"https:\/\/www.gnt.cl\/esp\/quote-request\/\",\"url\":\"https:\/\/www.gnt.cl\/esp\/quote-request\/\",\"name\":\"Quote Request - GNT Chile - Perfeccionando su Packaging\",\"isPartOf\":{\"@id\":\"https:\/\/www.gnt.cl\/esp\/#website\"},\"datePublished\":\"2019-07-29T04:30:55+00:00\",\"dateModified\":\"2020-10-05T13:47:31+00:00\",\"description\":\"Contamos con 30 a\u00f1os de experiencia en el rubro de embalaje de fruta fresca y su preservaci\u00f3n, este conocimiento lo ponemos a disposici\u00f3n de nuestros clientes d\u00e1ndoles apoyo en una buena comercializaci\u00f3n de la fruta a los mercados finales de exportaci\u00f3n en el mundo.\",\"breadcrumb\":{\"@id\":\"https:\/\/www.gnt.cl\/esp\/quote-request\/#breadcrumb\"},\"inLanguage\":\"es\",\"potentialAction\":[{\"@type\":\"ReadAction\",\"target\":[\"https:\/\/www.gnt.cl\/esp\/quote-request\/\"]}]},{\"@type\":\"BreadcrumbList\",\"@id\":\"https:\/\/www.gnt.cl\/esp\/quote-request\/#breadcrumb\",\"itemListElement\":[{\"@type\":\"ListItem\",\"position\":1,\"name\":\"Portada\",\"item\":\"https:\/\/www.gnt.cl\/esp\/\"},{\"@type\":\"ListItem\",\"position\":2,\"name\":\"Quote Request\"}]},{\"@type\":\"WebSite\",\"@id\":\"https:\/\/www.gnt.cl\/esp\/#website\",\"url\":\"https:\/\/www.gnt.cl\/esp\/\",\"name\":\"GNT ES\",\"description\":\"GNT Chile - Perfeccionando su Packaging\",\"publisher\":{\"@id\":\"https:\/\/www.gnt.cl\/esp\/#organization\"},\"potentialAction\":[{\"@type\":\"SearchAction\",\"target\":{\"@type\":\"EntryPoint\",\"urlTemplate\":\"https:\/\/www.gnt.cl\/esp\/?s={search_term_string}\"},\"query-input\":{\"@type\":\"PropertyValueSpecification\",\"valueRequired\":true,\"valueName\":\"search_term_string\"}}],\"inLanguage\":\"es\"},{\"@type\":\"Organization\",\"@id\":\"https:\/\/www.gnt.cl\/esp\/#organization\",\"name\":\"GNT\",\"url\":\"https:\/\/www.gnt.cl\/esp\/\",\"logo\":{\"@type\":\"ImageObject\",\"inLanguage\":\"es\",\"@id\":\"https:\/\/www.gnt.cl\/esp\/#\/schema\/logo\/image\/\",\"url\":\"https:\/\/www.gnt.cl\/esp\/wp-content\/uploads\/2019\/10\/logo-gnt.png\",\"contentUrl\":\"https:\/\/www.gnt.cl\/esp\/wp-content\/uploads\/2019\/10\/logo-gnt.png\",\"width\":251,\"height\":113,\"caption\":\"GNT\"},\"image\":{\"@id\":\"https:\/\/www.gnt.cl\/esp\/#\/schema\/logo\/image\/\"}}]}<\/script>\n<!-- \/ Yoast SEO plugin. -->","yoast_head_json":{"title":"Quote Request - GNT Chile - Perfeccionando su Packaging","description":"Contamos con 30 a\u00f1os de experiencia en el rubro de embalaje de fruta fresca y su preservaci\u00f3n, este conocimiento lo ponemos a disposici\u00f3n de nuestros clientes d\u00e1ndoles apoyo en una buena comercializaci\u00f3n de la fruta a los mercados finales de exportaci\u00f3n en el mundo.","robots":{"index":"index","follow":"follow","max-snippet":"max-snippet:-1","max-image-preview":"max-image-preview:large","max-video-preview":"max-video-preview:-1"},"canonical":"https:\/\/www.gnt.cl\/esp\/quote-request\/","og_locale":"es_ES","og_type":"article","og_title":"Quote Request - GNT Chile - Perfeccionando su Packaging","og_description":"Contamos con 30 a\u00f1os de experiencia en el rubro de embalaje de fruta fresca y su preservaci\u00f3n, este conocimiento lo ponemos a disposici\u00f3n de nuestros clientes d\u00e1ndoles apoyo en una buena comercializaci\u00f3n de la fruta a los mercados finales de exportaci\u00f3n en el mundo.","og_url":"https:\/\/www.gnt.cl\/esp\/quote-request\/","og_site_name":"GNT ES","article_modified_time":"2020-10-05T13:47:31+00:00","twitter_card":"summary_large_image","twitter_misc":{"Tiempo de lectura":"4 minutos"},"schema":{"@context":"https:\/\/schema.org","@graph":[{"@type":"WebPage","@id":"https:\/\/www.gnt.cl\/esp\/quote-request\/","url":"https:\/\/www.gnt.cl\/esp\/quote-request\/","name":"Quote Request - GNT Chile - Perfeccionando su Packaging","isPartOf":{"@id":"https:\/\/www.gnt.cl\/esp\/#website"},"datePublished":"2019-07-29T04:30:55+00:00","dateModified":"2020-10-05T13:47:31+00:00","description":"Contamos con 30 a\u00f1os de experiencia en el rubro de embalaje de fruta fresca y su preservaci\u00f3n, este conocimiento lo ponemos a disposici\u00f3n de nuestros clientes d\u00e1ndoles apoyo en una buena comercializaci\u00f3n de la fruta a los mercados finales de exportaci\u00f3n en el mundo.","breadcrumb":{"@id":"https:\/\/www.gnt.cl\/esp\/quote-request\/#breadcrumb"},"inLanguage":"es","potentialAction":[{"@type":"ReadAction","target":["https:\/\/www.gnt.cl\/esp\/quote-request\/"]}]},{"@type":"BreadcrumbList","@id":"https:\/\/www.gnt.cl\/esp\/quote-request\/#breadcrumb","itemListElement":[{"@type":"ListItem","position":1,"name":"Portada","item":"https:\/\/www.gnt.cl\/esp\/"},{"@type":"ListItem","position":2,"name":"Quote Request"}]},{"@type":"WebSite","@id":"https:\/\/www.gnt.cl\/esp\/#website","url":"https:\/\/www.gnt.cl\/esp\/","name":"GNT ES","description":"GNT Chile - Perfeccionando su Packaging","publisher":{"@id":"https:\/\/www.gnt.cl\/esp\/#organization"},"potentialAction":[{"@type":"SearchAction","target":{"@type":"EntryPoint","urlTemplate":"https:\/\/www.gnt.cl\/esp\/?s={search_term_string}"},"query-input":{"@type":"PropertyValueSpecification","valueRequired":true,"valueName":"search_term_string"}}],"inLanguage":"es"},{"@type":"Organization","@id":"https:\/\/www.gnt.cl\/esp\/#organization","name":"GNT","url":"https:\/\/www.gnt.cl\/esp\/","logo":{"@type":"ImageObject","inLanguage":"es","@id":"https:\/\/www.gnt.cl\/esp\/#\/schema\/logo\/image\/","url":"https:\/\/www.gnt.cl\/esp\/wp-content\/uploads\/2019\/10\/logo-gnt.png","contentUrl":"https:\/\/www.gnt.cl\/esp\/wp-content\/uploads\/2019\/10\/logo-gnt.png","width":251,"height":113,"caption":"GNT"},"image":{"@id":"https:\/\/www.gnt.cl\/esp\/#\/schema\/logo\/image\/"}}]}},"_links":{"self":[{"href":"https:\/\/www.gnt.cl\/esp\/wp-json\/wp\/v2\/pages\/1399","targetHints":{"allow":["GET"]}}],"collection":[{"href":"https:\/\/www.gnt.cl\/esp\/wp-json\/wp\/v2\/pages"}],"about":[{"href":"https:\/\/www.gnt.cl\/esp\/wp-json\/wp\/v2\/types\/page"}],"author":[{"embeddable":true,"href":"https:\/\/www.gnt.cl\/esp\/wp-json\/wp\/v2\/users\/1"}],"replies":[{"embeddable":true,"href":"https:\/\/www.gnt.cl\/esp\/wp-json\/wp\/v2\/comments?post=1399"}],"version-history":[{"count":31,"href":"https:\/\/www.gnt.cl\/esp\/wp-json\/wp\/v2\/pages\/1399\/revisions"}],"predecessor-version":[{"id":21549,"href":"https:\/\/www.gnt.cl\/esp\/wp-json\/wp\/v2\/pages\/1399\/revisions\/21549"}],"wp:attachment":[{"href":"https:\/\/www.gnt.cl\/esp\/wp-json\/wp\/v2\/media?parent=1399"}],"curies":[{"name":"wp","href":"https:\/\/api.w.org\/{rel}","templated":true}]}}